{"id":3397,"date":"2023-09-28T18:25:38","date_gmt":"2023-09-28T18:25:38","guid":{"rendered":"https:\/\/monarchacademy.org\/annapolis\/?page_id=3397"},"modified":"2025-11-06T15:07:05","modified_gmt":"2025-11-06T15:07:05","slug":"ayuda","status":"publish","type":"page","link":"https:\/\/monarchacademy.org\/annapolis\/ayuda\/","title":{"rendered":"Ayuda"},"content":{"rendered":"<p>[et_pb_section fb_built=&#8221;1&#8243; fullwidth=&#8221;on&#8221; module_id=&#8221;hero&#8221; _builder_version=&#8221;4.21.0&#8243; locked=&#8221;off&#8221; global_colors_info=&#8221;{}&#8221;][et_pb_fullwidth_header title=&#8221;Ayuda&#8221; _builder_version=&#8221;4.22.1&#8243; background_color=&#8221;rgba(0,0,0,0.19)&#8221; background_image=&#8221;https:\/\/monarchacademy.org\/annapolis\/wp-content\/uploads\/sites\/2\/2023\/09\/banner-help-ayuda.jpg&#8221; background_blend=&#8221;overlay&#8221; position_origin_f=&#8221;center_center&#8221; min_height=&#8221;100px&#8221; height=&#8221;100px&#8221; custom_margin=&#8221;-40px||-9px||false|false&#8221; custom_padding=&#8221;0px||0px||false|false&#8221; title_text_shadow_style=&#8221;preset3&#8243; title_text_shadow_color=&#8221;rgba(0,0,0,0.69)&#8221; global_colors_info=&#8221;{}&#8221;][\/et_pb_fullwidth_header][\/et_pb_section][et_pb_section fb_built=&#8221;1&#8243; _builder_version=&#8221;4.22.1&#8243; _module_preset=&#8221;default&#8221; locked=&#8221;off&#8221; global_colors_info=&#8221;{}&#8221;][et_pb_row column_structure=&#8221;1_2,1_2&#8243; _builder_version=&#8221;4.22.1&#8243; _module_preset=&#8221;default&#8221; custom_padding=&#8221;||0px||false|false&#8221; global_colors_info=&#8221;{}&#8221;][et_pb_column type=&#8221;1_2&#8243; _builder_version=&#8221;4.22.1&#8243; _module_preset=&#8221;default&#8221; global_colors_info=&#8221;{}&#8221;][et_pb_image src=&#8221;https:\/\/monarchacademy.org\/annapolis\/wp-content\/uploads\/sites\/2\/2023\/09\/miguel-page.jpg&#8221; title_text=&#8221;miguel-page&#8221; align=&#8221;center&#8221; _builder_version=&#8221;4.22.1&#8243; _module_preset=&#8221;default&#8221; global_colors_info=&#8221;{}&#8221;][\/et_pb_image][et_pb_code _builder_version=&#8221;4.27.0&#8243; _module_preset=&#8221;default&#8221; hover_enabled=&#8221;0&#8243; sticky_enabled=&#8221;0&#8243;]<iframe loading=\"lazy\" width=\"560\" height=\"315\" src=\"https:\/\/www.youtube.com\/embed\/DRy9CGOcYHA?si=Ppz1rlIrFxiE3sRH\" title=\"YouTube video player\" frameborder=\"0\" allow=\"accelerometer; autoplay; clipboard-write; encrypted-media; gyroscope; picture-in-picture; web-share\" referrerpolicy=\"strict-origin-when-cross-origin\" allowfullscreen><\/iframe>[\/et_pb_code][\/et_pb_column][et_pb_column type=&#8221;1_2&#8243; _builder_version=&#8221;4.22.1&#8243; _module_preset=&#8221;default&#8221; global_colors_info=&#8221;{}&#8221;][et_pb_text content_tablet=&#8221;<\/p>\n<h2>Hola.<\/h2>\n<hr style=%22width: 110px; margin: 10px 0; border-color: #de720a;%22 \/>\n<p class=%22p1%22><span data-contrast=%22auto%22><strong>Mi nombre es Miguel Vicente<\/strong> y soy el Coordinador de Reclutamiento de Estudiantes Biling\u00fces y de Participaci\u00f3n Comunitaria para la escuela Monarch Academy Annapolis. Bajo este cargo, act\u00fao como embajador para las familias actuales y futuras de MAA, ayud\u00e1ndolas a:<\/span><\/p>\n<ul>\n<li>Navegar el proceso de inscripci\u00f3n para estudiantes de prek\u00ednder a quinto grado<\/li>\n<li>Como llenar la solicitud de inscripci\u00f3n del condado.<\/li>\n<li>Apoyar a las familias a medida que sus estudiantes hacen la transici\u00f3n a nuestra escuela<\/li>\n<li>Identificar recursos adicionales relacionados con la escuela para estudiantes y familias.<\/li>\n<li>Vincular a las familias con los recursos comunitarios<\/li>\n<\/ul>\n<p>&#8221; content_phone=&#8221;<\/p>\n<h2>Hola.<\/h2>\n<hr style=%22width: 110px; margin: 10px 0; border-color: #de720a;%22 \/>\n<p class=%22p1%22><span data-contrast=%22auto%22><strong>Mi nombre es Miguel Vicente<\/strong> y soy el Coordinador de Reclutamiento de Estudiantes Biling\u00fces y de Participaci\u00f3n Comunitaria para la escuela Monarch Academy Annapolis. Bajo este cargo, act\u00fao como embajador para las familias actuales y futuras de MAA, ayud\u00e1ndolas a:<\/span><\/p>\n<ul>\n<li>Navegar el proceso de inscripci\u00f3n para estudiantes de prek\u00ednder a quinto grado<\/li>\n<li>Como llenar la solicitud de inscripci\u00f3n del condado.<\/li>\n<li>Apoyar a las familias a medida que sus estudiantes hacen la transici\u00f3n a nuestra escuela<\/li>\n<li>Identificar recursos adicionales relacionados con la escuela para estudiantes y familias.<\/li>\n<li>Vincular a las familias con los recursos comunitarios<\/li>\n<\/ul>\n<p>&#8221; content_last_edited=&#8221;on|phone&#8221; module_class=&#8221;lwp-bullet-color&#8221; _builder_version=&#8221;4.22.2&#8243; text_line_height=&#8221;1.8em&#8221; header_2_font=&#8221;|800|||||||&#8221; header_2_text_color=&#8221;#e57200&#8243; header_2_font_size=&#8221;40px&#8221; header_2_line_height=&#8221;1.1em&#8221; header_4_font=&#8221;|700||on|||||&#8221; header_4_text_color=&#8221;#253fba&#8221; header_4_font_size=&#8221;14px&#8221; header_4_letter_spacing=&#8221;1px&#8221; transform_translate_linked=&#8221;off&#8221; custom_margin=&#8221;|||-25px|false|false&#8221; custom_padding=&#8221;||21px|0px|false|false&#8221; header_2_font_size_tablet=&#8221;30px&#8221; header_2_font_size_phone=&#8221;24px&#8221; header_2_font_size_last_edited=&#8221;on|desktop&#8221; locked=&#8221;off&#8221; global_colors_info=&#8221;{}&#8221;]<\/p>\n<h2>Hola.<\/h2>\n<hr style=\"width: 110px; margin: 10px 0; border-color: #de720a;\" \/>\n<p class=\"p1\"><span data-contrast=\"auto\"><strong>Mi nombre es Miguel Vicente<\/strong> y soy el Coordinador de Reclutamiento de Estudiantes Biling\u00fces y de Participaci\u00f3n Comunitaria para la escuela Monarch Academy Annapolis. Bajo este cargo, act\u00fao como embajador para las familias actuales y futuras de MAA, ayud\u00e1ndolas a:<\/span><\/p>\n<ul>\n<li>Navegar el proceso de inscripci\u00f3n para estudiantes de prek\u00ednder a quinto grado<\/li>\n<li>Como llenar la solicitud de inscripci\u00f3n del condado.<\/li>\n<li>Apoyar a las familias a medida que sus estudiantes hacen la transici\u00f3n a nuestra escuela<\/li>\n<li>Identificar recursos adicionales relacionados con la escuela para estudiantes y familias.<\/li>\n<li>Vincular a las familias con los recursos comunitarios<\/li>\n<\/ul>\n<p>[\/et_pb_text][\/et_pb_column][\/et_pb_row][et_pb_row column_structure=&#8221;1_4,1_2,1_4&#8243; _builder_version=&#8221;4.22.1&#8243; _module_preset=&#8221;default&#8221; global_colors_info=&#8221;{}&#8221;][et_pb_column type=&#8221;1_4&#8243; _builder_version=&#8221;4.22.1&#8243; _module_preset=&#8221;default&#8221; global_colors_info=&#8221;{}&#8221;][et_pb_text content_tablet=&#8221;<\/p>\n<h2 style=%22text-align: left;%22>CONTACT ME<\/h2>\n<hr style=%22width: 300px; margin: 10px 0; border-color: #de720a;%22 \/>\n<p style=%22text-align: right;%22>&#8221; content_phone=&#8221;<\/p>\n<h2 style=%22text-align: left;%22>CONTACT ME<\/h2>\n<hr style=%22width: 300px; margin: 10px 0; border-color: #de720a;%22 \/>\n<p style=%22text-align: right;%22>&#8221; content_last_edited=&#8221;on|phone&#8221; module_class=&#8221;lwp-bullet-color&#8221; _builder_version=&#8221;4.22.1&#8243; text_line_height=&#8221;1.8em&#8221; header_2_font=&#8221;|800|||||||&#8221; header_2_text_color=&#8221;#e57200&#8243; header_2_font_size=&#8221;40px&#8221; header_2_line_height=&#8221;1.1em&#8221; header_4_font=&#8221;|700||on|||||&#8221; header_4_text_color=&#8221;#253fba&#8221; header_4_font_size=&#8221;14px&#8221; header_4_letter_spacing=&#8221;1px&#8221; transform_translate_linked=&#8221;off&#8221; custom_margin=&#8221;|0px||30px|false|false&#8221; custom_padding=&#8221;||21px|0px|false|false&#8221; header_2_font_size_tablet=&#8221;30px&#8221; header_2_font_size_phone=&#8221;24px&#8221; header_2_font_size_last_edited=&#8221;on|desktop&#8221; locked=&#8221;off&#8221; global_colors_info=&#8221;{}&#8221;]<\/p>\n<h2 style=\"text-align: right;\"><span>Cont\u00e1ctame:<\/span><\/h2>\n<hr style=\"width: 300px; margin: 10px 0; border-color: #de720a;\" \/>\n<p style=\"text-align: right;\">[\/et_pb_text][\/et_pb_column][et_pb_column type=&#8221;1_2&#8243; _builder_version=&#8221;4.22.1&#8243; _module_preset=&#8221;default&#8221; global_colors_info=&#8221;{}&#8221;][et_pb_text _builder_version=&#8221;4.22.1&#8243; _module_preset=&#8221;default&#8221; background_color=&#8221;#e8e8e8&#8243; custom_padding=&#8221;25px||10px|20px|false|false&#8221; global_colors_info=&#8221;{}&#8221;]<\/p>\n<p><span><img loading=\"lazy\" decoding=\"async\" src=\"https:\/\/monarchacademy.org\/annapolis\/wp-content\/uploads\/sites\/2\/2023\/09\/Circle-icons-mail.png\" width=\"30\" height=\"30\" alt=\"\" class=\"wp-image-3372 aligncenter size-full\" style=\"float: left;\" srcset=\"https:\/\/monarchacademy.org\/annapolis\/wp-content\/uploads\/sites\/2\/2023\/09\/Circle-icons-mail.png 256w, https:\/\/monarchacademy.org\/annapolis\/wp-content\/uploads\/sites\/2\/2023\/09\/Circle-icons-mail-150x150.png 150w, https:\/\/monarchacademy.org\/annapolis\/wp-content\/uploads\/sites\/2\/2023\/09\/Circle-icons-mail-45x45.png 45w\" sizes=\"(max-width: 30px) 100vw, 30px\" \/>\u00a0 \u00a0 Correo electr\u00f3nico: \u00a0 \u00a0<a href=\"mailto:vicentem@monarchacademy.org\" target=\"_blank\" rel=\"noopener\">vicentem@monarchacademy.org<\/a><br \/><\/span><\/p>\n<p><span> <a href=\"https:\/\/monarchacademy.org\/annapolis\/wp-content\/uploads\/sites\/2\/2023\/09\/WhatsApp.png\"><img loading=\"lazy\" decoding=\"async\" src=\"https:\/\/monarchacademy.org\/annapolis\/wp-content\/uploads\/sites\/2\/2023\/09\/WhatsApp.png\" width=\"39\" height=\"40\" alt=\"\" class=\"wp-image-3371 aligncenter size-full\" style=\"float: left;\" srcset=\"https:\/\/monarchacademy.org\/annapolis\/wp-content\/uploads\/sites\/2\/2023\/09\/WhatsApp.png 256w, https:\/\/monarchacademy.org\/annapolis\/wp-content\/uploads\/sites\/2\/2023\/09\/WhatsApp-150x150.png 150w, https:\/\/monarchacademy.org\/annapolis\/wp-content\/uploads\/sites\/2\/2023\/09\/WhatsApp-45x45.png 45w\" sizes=\"(max-width: 39px) 100vw, 39px\" \/><\/a> \u00a0 Whatsapp y M\u00f3vil:\u00a0 \u00a0 \u00a0 <\/span><a href=\"&lt;a%20href=&quot;&quot;&gt;&lt;\/a&gt;443-534-3987&lt;a href=&quot;4435343987&quot;&gt;\"><span class=\"s1\">443.534.3987<\/span><\/a><span class=\"s2\"> <\/span><\/p>\n<p><span><\/span><\/p>\n<p><span><a href=\"https:\/\/monarchacademy.org\/annapolis\/wp-content\/uploads\/sites\/2\/2023\/09\/WhatsApp.png\"><\/a><\/span><\/p>\n<p>[\/et_pb_text][\/et_pb_column][et_pb_column type=&#8221;1_4&#8243; _builder_version=&#8221;4.22.1&#8243; _module_preset=&#8221;default&#8221; global_colors_info=&#8221;{}&#8221;][\/et_pb_column][\/et_pb_row][et_pb_row column_structure=&#8221;1_3,2_3&#8243; _builder_version=&#8221;4.22.1&#8243; _module_preset=&#8221;default&#8221; locked=&#8221;off&#8221; global_colors_info=&#8221;{}&#8221;][et_pb_column type=&#8221;1_3&#8243; _builder_version=&#8221;4.22.1&#8243; _module_preset=&#8221;default&#8221; global_colors_info=&#8221;{}&#8221;][et_pb_text content_tablet=&#8221;<\/p>\n<h2 style=%22text-align: left;%22>CONTACT ME<\/h2>\n<hr style=%22width: 300px; margin: 10px 0; border-color: #de720a;%22 \/>\n<p style=%22text-align: right;%22>&#8221; content_phone=&#8221;<\/p>\n<h2 style=%22text-align: left;%22>CONTACT ME<\/h2>\n<hr style=%22width: 300px; margin: 10px 0; border-color: #de720a;%22 \/>\n<p style=%22text-align: right;%22>&#8221; content_last_edited=&#8221;on|phone&#8221; module_class=&#8221;lwp-bullet-color&#8221; _builder_version=&#8221;4.22.1&#8243; text_line_height=&#8221;1.8em&#8221; header_2_font=&#8221;|800|||||||&#8221; header_2_text_color=&#8221;#e57200&#8243; header_2_font_size=&#8221;40px&#8221; header_2_line_height=&#8221;1.1em&#8221; header_4_font=&#8221;|700||on|||||&#8221; header_4_text_color=&#8221;#253fba&#8221; header_4_font_size=&#8221;14px&#8221; header_4_letter_spacing=&#8221;1px&#8221; transform_translate_linked=&#8221;off&#8221; custom_margin=&#8221;|-20px||47px|false|false&#8221; custom_padding=&#8221;||21px|0px|false|false&#8221; header_2_font_size_tablet=&#8221;30px&#8221; header_2_font_size_phone=&#8221;24px&#8221; header_2_font_size_last_edited=&#8221;on|desktop&#8221; locked=&#8221;off&#8221; global_colors_info=&#8221;{}&#8221;]<\/p>\n<h2 style=\"text-align: left;\"><span>\u00bfListo para postularse? <\/span><\/h2>\n<hr style=\"width: 300px; margin: 10px 0; border-color: #de720a;\" \/>\n<p style=\"text-align: right;\">[\/et_pb_text][\/et_pb_column][et_pb_column type=&#8221;2_3&#8243; _builder_version=&#8221;4.22.1&#8243; _module_preset=&#8221;default&#8221; global_colors_info=&#8221;{}&#8221;][et_pb_text _builder_version=&#8221;4.22.1&#8243; _module_preset=&#8221;default&#8221; custom_margin=&#8221;|||-53px|false|false&#8221; global_colors_info=&#8221;{}&#8221;]<\/p>\n<p><span>Complete la <\/span><a href=\"https:\/\/magnet.aacps.org\/webapps\/aacps_magnet\/LogIn.aspx\">solicitud de escuela aut\u00f3noma y magnetizada de AACPS<\/a><\/p>\n<p>[\/et_pb_text][\/et_pb_column][\/et_pb_row][\/et_pb_section]<\/p>\n","protected":false},"excerpt":{"rendered":"<p>Hola. Mi nombre es Miguel Vicente y soy el Coordinador de Reclutamiento de Estudiantes Biling\u00fces y de Participaci\u00f3n Comunitaria para la escuela Monarch Academy Annapolis. Bajo este cargo, act\u00fao como [&hellip;]<\/p>\n","protected":false},"author":4,"featured_media":0,"parent":0,"menu_order":0,"comment_status":"closed","ping_status":"closed","template":"","meta":{"_acf_changed":false,"_et_pb_use_builder":"on","_et_pb_old_content":"","_et_gb_content_width":"","footnotes":""},"class_list":["post-3397","page","type-page","status-publish","hentry"],"acf":[],"yoast_head":"<!-- This site is optimized with the Yoast SEO plugin v27.3 - https:\/\/yoast.com\/product\/yoast-seo-wordpress\/ -->\n<title>Ayuda - Monarch Academy Annapolis<\/title>\n<meta name=\"robots\" content=\"index, follow, max-snippet:-1, max-image-preview:large, max-video-preview:-1\" \/>\n<link rel=\"canonical\" href=\"https:\/\/monarchacademy.org\/annapolis\/ayuda\/\" \/>\n<meta property=\"og:locale\" content=\"en_US\" \/>\n<meta property=\"og:type\" content=\"article\" \/>\n<meta property=\"og:title\" content=\"Ayuda - Monarch Academy Annapolis\" \/>\n<meta property=\"og:description\" content=\"Serving students KINDERGARTEN - 5th grade Promoting High Achievement At Monarch Academy Annapolis, our mission is to provide a school culture that produces students who think critically, problem solve creatively, [&hellip;]\" \/>\n<meta property=\"og:url\" content=\"https:\/\/monarchacademy.org\/annapolis\/ayuda\/\" \/>\n<meta property=\"og:site_name\" content=\"Monarch Academy Annapolis\" \/>\n<meta property=\"article:modified_time\" content=\"2025-11-06T15:07:05+00:00\" \/>\n<meta property=\"og:image\" content=\"https:\/\/monarchacademy.org\/annapolis\/wp-content\/uploads\/sites\/2\/2023\/09\/Circle-icons-mail.png\" \/>\n<meta name=\"twitter:card\" content=\"summary_large_image\" \/>\n<meta name=\"twitter:label1\" content=\"Est. reading time\" \/>\n\t<meta name=\"twitter:data1\" content=\"2 minutes\" \/>\n<script type=\"application\/ld+json\" class=\"yoast-schema-graph\">{\"@context\":\"https:\\\/\\\/schema.org\",\"@graph\":[{\"@type\":\"WebPage\",\"@id\":\"https:\\\/\\\/monarchacademy.org\\\/annapolis\\\/ayuda\\\/\",\"url\":\"https:\\\/\\\/monarchacademy.org\\\/annapolis\\\/ayuda\\\/\",\"name\":\"Ayuda - Monarch Academy Annapolis\",\"isPartOf\":{\"@id\":\"https:\\\/\\\/monarchacademy.org\\\/annapolis\\\/#website\"},\"primaryImageOfPage\":{\"@id\":\"https:\\\/\\\/monarchacademy.org\\\/annapolis\\\/ayuda\\\/#primaryimage\"},\"image\":{\"@id\":\"https:\\\/\\\/monarchacademy.org\\\/annapolis\\\/ayuda\\\/#primaryimage\"},\"thumbnailUrl\":\"https:\\\/\\\/monarchacademy.org\\\/annapolis\\\/wp-content\\\/uploads\\\/sites\\\/2\\\/2023\\\/09\\\/Circle-icons-mail.png\",\"datePublished\":\"2023-09-28T18:25:38+00:00\",\"dateModified\":\"2025-11-06T15:07:05+00:00\",\"breadcrumb\":{\"@id\":\"https:\\\/\\\/monarchacademy.org\\\/annapolis\\\/ayuda\\\/#breadcrumb\"},\"inLanguage\":\"en-US\",\"potentialAction\":[{\"@type\":\"ReadAction\",\"target\":[\"https:\\\/\\\/monarchacademy.org\\\/annapolis\\\/ayuda\\\/\"]}]},{\"@type\":\"ImageObject\",\"inLanguage\":\"en-US\",\"@id\":\"https:\\\/\\\/monarchacademy.org\\\/annapolis\\\/ayuda\\\/#primaryimage\",\"url\":\"https:\\\/\\\/monarchacademy.org\\\/annapolis\\\/wp-content\\\/uploads\\\/sites\\\/2\\\/2023\\\/09\\\/Circle-icons-mail.png\",\"contentUrl\":\"https:\\\/\\\/monarchacademy.org\\\/annapolis\\\/wp-content\\\/uploads\\\/sites\\\/2\\\/2023\\\/09\\\/Circle-icons-mail.png\",\"width\":256,\"height\":256},{\"@type\":\"BreadcrumbList\",\"@id\":\"https:\\\/\\\/monarchacademy.org\\\/annapolis\\\/ayuda\\\/#breadcrumb\",\"itemListElement\":[{\"@type\":\"ListItem\",\"position\":1,\"name\":\"Home\",\"item\":\"https:\\\/\\\/monarchacademy.org\\\/annapolis\\\/\"},{\"@type\":\"ListItem\",\"position\":2,\"name\":\"Ayuda\"}]},{\"@type\":\"WebSite\",\"@id\":\"https:\\\/\\\/monarchacademy.org\\\/annapolis\\\/#website\",\"url\":\"https:\\\/\\\/monarchacademy.org\\\/annapolis\\\/\",\"name\":\"Monarch Academy Annapolis\",\"description\":\"Transforming Education. To Serve All Children.\",\"potentialAction\":[{\"@type\":\"SearchAction\",\"target\":{\"@type\":\"EntryPoint\",\"urlTemplate\":\"https:\\\/\\\/monarchacademy.org\\\/annapolis\\\/?s={search_term_string}\"},\"query-input\":{\"@type\":\"PropertyValueSpecification\",\"valueRequired\":true,\"valueName\":\"search_term_string\"}}],\"inLanguage\":\"en-US\"}]}<\/script>\n<!-- \/ Yoast SEO plugin. -->","yoast_head_json":{"title":"Ayuda - Monarch Academy Annapolis","robots":{"index":"index","follow":"follow","max-snippet":"max-snippet:-1","max-image-preview":"max-image-preview:large","max-video-preview":"max-video-preview:-1"},"canonical":"https:\/\/monarchacademy.org\/annapolis\/ayuda\/","og_locale":"en_US","og_type":"article","og_title":"Ayuda - Monarch Academy Annapolis","og_description":"Serving students KINDERGARTEN - 5th grade Promoting High Achievement At Monarch Academy Annapolis, our mission is to provide a school culture that produces students who think critically, problem solve creatively, [&hellip;]","og_url":"https:\/\/monarchacademy.org\/annapolis\/ayuda\/","og_site_name":"Monarch Academy Annapolis","article_modified_time":"2025-11-06T15:07:05+00:00","og_image":[{"url":"https:\/\/monarchacademy.org\/annapolis\/wp-content\/uploads\/sites\/2\/2023\/09\/Circle-icons-mail.png","type":"","width":"","height":""}],"twitter_card":"summary_large_image","twitter_misc":{"Est. reading time":"2 minutes"},"schema":{"@context":"https:\/\/schema.org","@graph":[{"@type":"WebPage","@id":"https:\/\/monarchacademy.org\/annapolis\/ayuda\/","url":"https:\/\/monarchacademy.org\/annapolis\/ayuda\/","name":"Ayuda - Monarch Academy Annapolis","isPartOf":{"@id":"https:\/\/monarchacademy.org\/annapolis\/#website"},"primaryImageOfPage":{"@id":"https:\/\/monarchacademy.org\/annapolis\/ayuda\/#primaryimage"},"image":{"@id":"https:\/\/monarchacademy.org\/annapolis\/ayuda\/#primaryimage"},"thumbnailUrl":"https:\/\/monarchacademy.org\/annapolis\/wp-content\/uploads\/sites\/2\/2023\/09\/Circle-icons-mail.png","datePublished":"2023-09-28T18:25:38+00:00","dateModified":"2025-11-06T15:07:05+00:00","breadcrumb":{"@id":"https:\/\/monarchacademy.org\/annapolis\/ayuda\/#breadcrumb"},"inLanguage":"en-US","potentialAction":[{"@type":"ReadAction","target":["https:\/\/monarchacademy.org\/annapolis\/ayuda\/"]}]},{"@type":"ImageObject","inLanguage":"en-US","@id":"https:\/\/monarchacademy.org\/annapolis\/ayuda\/#primaryimage","url":"https:\/\/monarchacademy.org\/annapolis\/wp-content\/uploads\/sites\/2\/2023\/09\/Circle-icons-mail.png","contentUrl":"https:\/\/monarchacademy.org\/annapolis\/wp-content\/uploads\/sites\/2\/2023\/09\/Circle-icons-mail.png","width":256,"height":256},{"@type":"BreadcrumbList","@id":"https:\/\/monarchacademy.org\/annapolis\/ayuda\/#breadcrumb","itemListElement":[{"@type":"ListItem","position":1,"name":"Home","item":"https:\/\/monarchacademy.org\/annapolis\/"},{"@type":"ListItem","position":2,"name":"Ayuda"}]},{"@type":"WebSite","@id":"https:\/\/monarchacademy.org\/annapolis\/#website","url":"https:\/\/monarchacademy.org\/annapolis\/","name":"Monarch Academy Annapolis","description":"Transforming Education. To Serve All Children.","potentialAction":[{"@type":"SearchAction","target":{"@type":"EntryPoint","urlTemplate":"https:\/\/monarchacademy.org\/annapolis\/?s={search_term_string}"},"query-input":{"@type":"PropertyValueSpecification","valueRequired":true,"valueName":"search_term_string"}}],"inLanguage":"en-US"}]}},"_links":{"self":[{"href":"https:\/\/monarchacademy.org\/annapolis\/wp-json\/wp\/v2\/pages\/3397","targetHints":{"allow":["GET"]}}],"collection":[{"href":"https:\/\/monarchacademy.org\/annapolis\/wp-json\/wp\/v2\/pages"}],"about":[{"href":"https:\/\/monarchacademy.org\/annapolis\/wp-json\/wp\/v2\/types\/page"}],"author":[{"embeddable":true,"href":"https:\/\/monarchacademy.org\/annapolis\/wp-json\/wp\/v2\/users\/4"}],"replies":[{"embeddable":true,"href":"https:\/\/monarchacademy.org\/annapolis\/wp-json\/wp\/v2\/comments?post=3397"}],"version-history":[{"count":0,"href":"https:\/\/monarchacademy.org\/annapolis\/wp-json\/wp\/v2\/pages\/3397\/revisions"}],"wp:attachment":[{"href":"https:\/\/monarchacademy.org\/annapolis\/wp-json\/wp\/v2\/media?parent=3397"}],"curies":[{"name":"wp","href":"https:\/\/api.w.org\/{rel}","templated":true}]}}